{"id":73,"date":"2025-10-29T05:23:39","date_gmt":"2025-10-29T05:23:39","guid":{"rendered":"https:\/\/hdigital.hdonline.pt\/?page_id=73"},"modified":"2025-11-16T08:53:59","modified_gmt":"2025-11-16T08:53:59","slug":"e-commerce-solution","status":"publish","type":"page","link":"https:\/\/horizontedigital.pt\/pt\/e-commerce-solution\/","title":{"rendered":"E-commerce Solution"},"content":{"rendered":"<div data-elementor-type=\"wp-page\" data-elementor-id=\"73\" class=\"elementor elementor-73\" data-elementor-post-type=\"page\">\n\t\t\t\t<div class=\"elementor-element elementor-element-27fbfd9 e-flex e-con-boxed e-con e-parent\" data-id=\"27fbfd9\" data-element_type=\"container\" data-settings=\"{&quot;background_background&quot;:&quot;classic&quot;}\">\n\t\t\t\t\t<div class=\"e-con-inner\">\n\t\t<div class=\"elementor-element elementor-element-7f5e55c e-con-full e-flex e-con e-child\" data-id=\"7f5e55c\" data-element_type=\"container\">\n\t\t<div class=\"elementor-element elementor-element-7874f36 e-con-full e-flex e-con e-child\" data-id=\"7874f36\" data-element_type=\"container\">\n\t\t\t\t<div class=\"elementor-element elementor-element-548967a elementor-widget elementor-widget-heading\" data-id=\"548967a\" data-element_type=\"widget\" data-widget_type=\"heading.default\">\n\t\t\t\t\t<h2 class=\"elementor-heading-title elementor-size-default\">ECOMMERCE<\/h2>\t\t\t\t<\/div>\n\t\t\t\t<div class=\"elementor-element elementor-element-514a31a elementor-widget elementor-widget-heading\" data-id=\"514a31a\" data-element_type=\"widget\" data-widget_type=\"heading.default\">\n\t\t\t\t\t<p class=\"elementor-heading-title elementor-size-default\">Vamos criar uma LOJA ONLINE<\/p>\t\t\t\t<\/div>\n\t\t\t\t<div class=\"elementor-element elementor-element-b5859d3 elementor-widget elementor-widget-heading\" data-id=\"b5859d3\" data-element_type=\"widget\" data-widget_type=\"heading.default\">\n\t\t\t\t\t<p class=\"elementor-heading-title elementor-size-default\">Constru\u00edda de raiz, ou partindo de outras plataformas,\ngarantimos a rapidez, efici\u00eancia e seguran\u00e7a.\nConnosco, a sua loja NUNCA FECHA.\n<\/p>\t\t\t\t<\/div>\n\t\t\t\t<\/div>\n\t\t\t\t<div class=\"elementor-element elementor-element-d978d78 elementor-widget elementor-widget-button\" data-id=\"d978d78\" data-element_type=\"widget\" data-widget_type=\"button.default\">\n\t\t\t\t\t\t\t\t\t\t<a class=\"elementor-button elementor-button-link elementor-size-sm\" href=\"#article\">\n\t\t\t\t\t\t<span class=\"elementor-button-content-wrapper\">\n\t\t\t\t\t\t<span class=\"elementor-button-icon\">\n\t\t\t\t<svg aria-hidden=\"true\" class=\"e-font-icon-svg e-fas-arrow-down\" viewbox=\"0 0 448 512\" xmlns=\"http:\/\/www.w3.org\/2000\/svg\"><path d=\"M413.1 222.5l22.2 22.2c9.4 9.4 9.4 24.6 0 33.9L241 473c-9.4 9.4-24.6 9.4-33.9 0L12.7 278.6c-9.4-9.4-9.4-24.6 0-33.9l22.2-22.2c9.5-9.5 25-9.3 34.3.4L184 343.4V56c0-13.3 10.7-24 24-24h32c13.3 0 24 10.7 24 24v287.4l114.8-120.5c9.3-9.8 24.8-10 34.3-.4z\"><\/path><\/svg>\t\t\t<\/span>\n\t\t\t\t\t\t\t\t\t<span class=\"elementor-button-text\">Saiba mais<\/span>\n\t\t\t\t\t<\/span>\n\t\t\t\t\t<\/a>\n\t\t\t\t\t\t\t\t<\/div>\n\t\t\t\t<\/div>\n\t\t\t\t\t<\/div>\n\t\t\t\t<\/div>\n\t\t<div class=\"elementor-element elementor-element-3a89f31 e-con-full e-flex e-con e-parent\" data-id=\"3a89f31\" data-element_type=\"container\" id=\"article\" data-settings=\"{&quot;background_background&quot;:&quot;classic&quot;}\">\n\t\t<div class=\"elementor-element elementor-element-a55253c e-con-full e-flex e-con e-child\" data-id=\"a55253c\" data-element_type=\"container\" data-settings=\"{&quot;background_background&quot;:&quot;classic&quot;}\">\n\t\t\t\t<\/div>\n\t\t<div class=\"elementor-element elementor-element-f6a0576 e-con-full e-flex e-con e-child\" data-id=\"f6a0576\" data-element_type=\"container\">\n\t\t\t\t<div class=\"elementor-element elementor-element-2f07314 elementor-widget elementor-widget-text-editor\" data-id=\"2f07314\" data-element_type=\"widget\" data-widget_type=\"text-editor.default\">\n\t\t\t\t\t\t\t\t\t<p class=\"m-size-16 text-align-left size-20\"><span class=\"m-font-size-16 font-size-20\"><span dir=\"auto\">\u00c9 muito importante assegurar que a sua loja esteja sempre aberta e nas condi\u00e7\u00f5es perfeitas de atendimento. No mundo online n\u00e3o h\u00e1 oportunidade para \"pedimos desculpa, o que estava \u00e0 procura...?\" - no mundo online, cada vez mais, voc\u00ea tem 4 segundos para provar que atende aos m\u00ednimos:<\/span><\/span><\/p><ul class=\"defaultList\"><li class=\"m-size-16 text-align-left size-20\"><span class=\"m-font-size-16 font-size-20\"><span dir=\"auto\">rapidez do processo;<\/span><\/span><\/li><li class=\"m-size-16 text-align-left size-20\"><span class=\"m-font-size-16 font-size-20\"><span dir=\"auto\">seguran\u00e7a<\/span><\/span><\/li><li class=\"m-size-16 text-align-left size-20\"><span class=\"m-font-size-16 font-size-20\"><span dir=\"auto\">facilidade de suporte<\/span><\/span><\/li><li class=\"m-size-16 text-align-left size-20\"><span class=\"m-font-size-16 font-size-20\"><span dir=\"auto\">FAQ: o que fa\u00e7o se n\u00e3o gostar? posso devolver? e muito mais!<\/span><\/span><\/li><\/ul>\t\t\t\t\t\t\t\t<\/div>\n\t\t\t\t<\/div>\n\t\t\t\t<\/div>\n\t\t<div class=\"elementor-element elementor-element-aeb870b e-con-full e-flex e-con e-parent\" data-id=\"aeb870b\" data-element_type=\"container\" data-settings=\"{&quot;background_background&quot;:&quot;classic&quot;}\">\n\t\t<div class=\"elementor-element elementor-element-00aa89f e-con-full e-flex e-con e-child\" data-id=\"00aa89f\" data-element_type=\"container\" data-settings=\"{&quot;background_background&quot;:&quot;classic&quot;}\">\n\t\t\t\t<\/div>\n\t\t<div class=\"elementor-element elementor-element-f29df64 e-con-full e-flex e-con e-child\" data-id=\"f29df64\" data-element_type=\"container\">\n\t\t\t\t<div class=\"elementor-element elementor-element-096b207 elementor-widget elementor-widget-heading\" data-id=\"096b207\" data-element_type=\"widget\" data-widget_type=\"heading.default\">\n\t\t\t\t\t<h1 class=\"elementor-heading-title elementor-size-default\">Adaptada ao seu tamanho<\/h1>\t\t\t\t<\/div>\n\t\t\t\t<div class=\"elementor-element elementor-element-f1a173c elementor-widget elementor-widget-text-editor\" data-id=\"f1a173c\" data-element_type=\"widget\" data-widget_type=\"text-editor.default\">\n\t\t\t\t\t\t\t\t\t<p class=\"m-size-16 text-align-left size-20\"><span class=\"m-font-size-16 font-size-20\"><span dir=\"auto\">A sua loja online n\u00e3o \u00e9 melhor ou pior que outra loja qualquer, porque \u00e9 maior ou menor. Ela tem que atender ao seu neg\u00f3cio:<\/span><\/span><\/p><ul class=\"defaultList\"><li class=\"m-size-16 text-align-left\"><span class=\"m-font-size-16\"><span dir=\"auto\">dimens\u00e3o do seu neg\u00f3cio<\/span><\/span><\/li><li class=\"m-size-16 text-align-left\"><span class=\"m-font-size-16\"><span dir=\"auto\">frequ\u00eancia de visitas dos seus clientes<\/span><\/span><\/li><li class=\"m-size-16 text-align-left\"><span class=\"m-font-size-16\"><span dir=\"auto\">rotatividade do seu stock;<\/span><\/span><\/li><li class=\"m-size-16 text-align-left\"><span class=\"m-font-size-16\"><span dir=\"auto\">formas de pagamento aceites;<\/span><\/span><\/li><li class=\"m-size-16 text-align-left\"><span class=\"m-font-size-16\"><span dir=\"auto\">condi\u00e7\u00f5es de entrega<\/span><\/span><\/li><\/ul><p>\u00a0<\/p><p class=\"m-size-16 text-align-left size-20\"><span class=\"font-size-20 m-font-size-16\"><span dir=\"auto\">Construida de raiz, integrada com o seu ERP ou com o seu sistema de fatura\u00e7\u00e3o, ou modelos mais simples, que podem ter por base plataformas j\u00e1 existentes no mercado (woocommerce, magento, ecwid, shopify, ...)\u00a0<\/span><\/span><span class=\"font-size-20 m-font-size-16\"><span dir=\"auto\">OBJETIVO\u00a0<\/span><\/span><span class=\"font-size-20 m-font-size-16\"><span dir=\"auto\">\u00e9 assegurar que \u00e9<\/span>\u00a0<\/span><span class=\"font-size-20 m-font-size-16\"><span dir=\"auto\">A MELHOR OP\u00c7\u00c3O PARA O SEU NEG\u00d3CIO\u00a0<\/span><\/span><span dir=\"auto\"><span class=\"font-size-20 m-font-size-16\">and that:<\/span><\/span><\/p><ul class=\"defaultList\"><li class=\"m-size-16 text-align-left size-20\"><span class=\"font-size-20 m-font-size-16\"><span dir=\"auto\">garantimos backups de seguran\u00e7a;<\/span><\/span><\/li><li class=\"m-size-16 text-align-left size-20\"><span class=\"font-size-20 m-font-size-16\"><span dir=\"auto\">hospedagem na velocidade certa e sem interrup\u00e7\u00f5es.<\/span><\/span><\/li><\/ul><p>\u00a0<\/p><p class=\"m-size-16 text-align-left size-20\"><a href=\"https:\/\/horizontedigital.pt\/pt\/contact\/\"><span class=\"font-size-20 m-font-size-16\"><span dir=\"auto\">Fale connosco!<\/span><\/span><\/a><\/p>\t\t\t\t\t\t\t\t<\/div>\n\t\t\t\t<\/div>\n\t\t\t\t<\/div>\n\t\t<div class=\"elementor-element elementor-element-a2cb7cc e-flex e-con-boxed e-con e-parent\" data-id=\"a2cb7cc\" data-element_type=\"container\">\n\t\t\t\t\t<div class=\"e-con-inner\">\n\t\t<div class=\"elementor-element elementor-element-7bcc577 e-con-full e-flex e-con e-child\" data-id=\"7bcc577\" data-element_type=\"container\">\n\t\t\t\t<div class=\"elementor-element elementor-element-67cd3db elementor-widget elementor-widget-text-editor\" data-id=\"67cd3db\" data-element_type=\"widget\" data-widget_type=\"text-editor.default\">\n\t\t\t\t\t\t\t\t\t<p class=\"m-text-align-left text-align-left m-size-16 size-20\"><span class=\"font-size-20 m-font-size-16\"><span dir=\"auto\">Um loja responsiva, garante a melhor das experi\u00eancias em fun\u00e7\u00e3o do dispositvo do seu cliente. N\u00f3s fazemos com que a sua loja se adapte ao cliente em todos os sentidos:<\/span><\/span><\/p><ul class=\"defaultList\"><li class=\"m-text-align-left text-align-left m-size-16 size-20\"><span class=\"font-size-20 m-font-size-16\"><span dir=\"auto\">seu dispositivo;<\/span><\/span><\/li><li class=\"m-text-align-left text-align-left m-size-16 size-20\"><span class=\"font-size-20 m-font-size-16\"><span dir=\"auto\">seu fuso hor\u00e1rio;<\/span><\/span><\/li><li class=\"m-text-align-left text-align-left m-size-16 size-20\"><span class=\"font-size-20 m-font-size-16\"><span dir=\"auto\">suas prefer\u00eancias;<\/span><\/span><\/li><li class=\"m-text-align-left text-align-left m-size-16 size-20\"><span class=\"font-size-20 m-font-size-16\"><span dir=\"auto\">seu perfil.<\/span><\/span><\/li><\/ul><p class=\"m-text-align-left text-align-left m-size-16 size-20\"><span class=\"font-size-20 m-font-size-16\"><span dir=\"auto\">Be Mobile!<\/span><\/span><\/p>\t\t\t\t\t\t\t\t<\/div>\n\t\t\t\t<div class=\"elementor-element elementor-element-00f31db elementor-widget elementor-widget-image\" data-id=\"00f31db\" data-element_type=\"widget\" data-widget_type=\"image.default\">\n\t\t\t\t\t\t\t\t\t\t\t\t\t\t\t<img fetchpriority=\"high\" decoding=\"async\" width=\"800\" height=\"534\" src=\"https:\/\/horizontedigital.pt\/wp-content\/uploads\/2025\/11\/RESPONSIVESMALL-1920w-1024x683.jpg\" class=\"attachment-large size-large wp-image-560\" alt=\"\" srcset=\"https:\/\/horizontedigital.pt\/wp-content\/uploads\/2025\/11\/RESPONSIVESMALL-1920w-1024x683.jpg 1024w, https:\/\/horizontedigital.pt\/wp-content\/uploads\/2025\/11\/RESPONSIVESMALL-1920w-300x200.jpg 300w, https:\/\/horizontedigital.pt\/wp-content\/uploads\/2025\/11\/RESPONSIVESMALL-1920w-768x512.jpg 768w, https:\/\/horizontedigital.pt\/wp-content\/uploads\/2025\/11\/RESPONSIVESMALL-1920w-18x12.jpg 18w, https:\/\/horizontedigital.pt\/wp-content\/uploads\/2025\/11\/RESPONSIVESMALL-1920w.jpg 1289w\" sizes=\"(max-width: 800px) 100vw, 800px\" \/>\t\t\t\t\t\t\t\t\t\t\t\t\t\t\t<\/div>\n\t\t\t\t<\/div>\n\t\t<div class=\"elementor-element elementor-element-79a50cc e-con-full e-flex e-con e-child\" data-id=\"79a50cc\" data-element_type=\"container\">\n\t\t<div class=\"elementor-element elementor-element-39222b6 e-grid e-con-full e-con e-child\" data-id=\"39222b6\" data-element_type=\"container\">\n\t\t<div class=\"elementor-element elementor-element-19ba7d2 e-con-full e-flex e-con e-child\" data-id=\"19ba7d2\" data-element_type=\"container\">\n\t\t\t\t<div class=\"elementor-element elementor-element-7f05ba3 elementor-view-default elementor-widget elementor-widget-icon\" data-id=\"7f05ba3\" data-element_type=\"widget\" data-widget_type=\"icon.default\">\n\t\t\t\t\t\t\t<div class=\"elementor-icon-wrapper\">\n\t\t\t<div class=\"elementor-icon\">\n\t\t\t<svg aria-hidden=\"true\" class=\"e-font-icon-svg e-fas-user-clock\" viewbox=\"0 0 640 512\" xmlns=\"http:\/\/www.w3.org\/2000\/svg\"><path d=\"M496 224c-79.6 0-144 64.4-144 144s64.4 144 144 144 144-64.4 144-144-64.4-144-144-144zm64 150.3c0 5.3-4.4 9.7-9.7 9.7h-60.6c-5.3 0-9.7-4.4-9.7-9.7v-76.6c0-5.3 4.4-9.7 9.7-9.7h12.6c5.3 0 9.7 4.4 9.7 9.7V352h38.3c5.3 0 9.7 4.4 9.7 9.7v12.6zM320 368c0-27.8 6.7-54.1 18.2-77.5-8-1.5-16.2-2.5-24.6-2.5h-16.7c-22.2 10.2-46.9 16-72.9 16s-50.6-5.8-72.9-16h-16.7C60.2 288 0 348.2 0 422.4V464c0 26.5 21.5 48 48 48h347.1c-45.3-31.9-75.1-84.5-75.1-144zm-96-112c70.7 0 128-57.3 128-128S294.7 0 224 0 96 57.3 96 128s57.3 128 128 128z\"><\/path><\/svg>\t\t\t<\/div>\n\t\t<\/div>\n\t\t\t\t\t\t<\/div>\n\t\t\t\t<div class=\"elementor-element elementor-element-c8ead29 elementor-widget elementor-widget-heading\" data-id=\"c8ead29\" data-element_type=\"widget\" data-widget_type=\"heading.default\">\n\t\t\t\t\t<h4 class=\"elementor-heading-title elementor-size-default\">DISPONIBILIDADE 24\/7<\/h4>\t\t\t\t<\/div>\n\t\t\t\t<div class=\"elementor-element elementor-element-4dd54a5 elementor-widget elementor-widget-heading\" data-id=\"4dd54a5\" data-element_type=\"widget\" data-widget_type=\"heading.default\">\n\t\t\t\t\t<p class=\"elementor-heading-title elementor-size-default\">Tenha o seu neg\u00f3cio \u201caberto\u201d 24 horas, 7 dias por semana, 365 dias por ano. Consegue isso nas suas lojas tradicionais?\n<\/p>\t\t\t\t<\/div>\n\t\t\t\t<\/div>\n\t\t<div class=\"elementor-element elementor-element-a0830c0 e-con-full e-flex e-con e-child\" data-id=\"a0830c0\" data-element_type=\"container\">\n\t\t\t\t<div class=\"elementor-element elementor-element-bbed913 elementor-view-default elementor-widget elementor-widget-icon\" data-id=\"bbed913\" data-element_type=\"widget\" data-widget_type=\"icon.default\">\n\t\t\t\t\t\t\t<div class=\"elementor-icon-wrapper\">\n\t\t\t<div class=\"elementor-icon\">\n\t\t\t<svg aria-hidden=\"true\" class=\"e-font-icon-svg e-fas-globe\" viewbox=\"0 0 496 512\" xmlns=\"http:\/\/www.w3.org\/2000\/svg\"><path d=\"M336.5 160C322 70.7 287.8 8 248 8s-74 62.7-88.5 152h177zM152 256c0 22.2 1.2 43.5 3.3 64h185.3c2.1-20.5 3.3-41.8 3.3-64s-1.2-43.5-3.3-64H155.3c-2.1 20.5-3.3 41.8-3.3 64zm324.7-96c-28.6-67.9-86.5-120.4-158-141.6 24.4 33.8 41.2 84.7 50 141.6h108zM177.2 18.4C105.8 39.6 47.8 92.1 19.3 160h108c8.7-56.9 25.5-107.8 49.9-141.6zM487.4 192H372.7c2.1 21 3.3 42.5 3.3 64s-1.2 43-3.3 64h114.6c5.5-20.5 8.6-41.8 8.6-64s-3.1-43.5-8.5-64zM120 256c0-21.5 1.2-43 3.3-64H8.6C3.2 212.5 0 233.8 0 256s3.2 43.5 8.6 64h114.6c-2-21-3.2-42.5-3.2-64zm39.5 96c14.5 89.3 48.7 152 88.5 152s74-62.7 88.5-152h-177zm159.3 141.6c71.4-21.2 129.4-73.7 158-141.6h-108c-8.8 56.9-25.6 107.8-50 141.6zM19.3 352c28.6 67.9 86.5 120.4 158 141.6-24.4-33.8-41.2-84.7-50-141.6h-108z\"><\/path><\/svg>\t\t\t<\/div>\n\t\t<\/div>\n\t\t\t\t\t\t<\/div>\n\t\t\t\t<div class=\"elementor-element elementor-element-21f14cf elementor-widget elementor-widget-heading\" data-id=\"21f14cf\" data-element_type=\"widget\" data-widget_type=\"heading.default\">\n\t\t\t\t\t<h4 class=\"elementor-heading-title elementor-size-default\">MUNDO INTEIRO<\/h4>\t\t\t\t<\/div>\n\t\t\t\t<div class=\"elementor-element elementor-element-8874663 elementor-widget elementor-widget-heading\" data-id=\"8874663\" data-element_type=\"widget\" data-widget_type=\"heading.default\">\n\t\t\t\t\t<p class=\"elementor-heading-title elementor-size-default\">J\u00e1 pensou que na internet n\u00e3o existem fronteiras f\u00edsicas ou restri\u00e7\u00f5es de localiza\u00e7\u00e3o como numa loja f\u00edsica? Apesar da sua loja online estar acess\u00edvel para todos, na internet, calma, pense em primeiro lugar que pa\u00edses ou mercados fazem sentido, depois pense na estrat\u00e9gia mais correta para cada um desses mercados.<\/p>\t\t\t\t<\/div>\n\t\t\t\t<\/div>\n\t\t<div class=\"elementor-element elementor-element-5f08730 e-con-full e-flex e-con e-child\" data-id=\"5f08730\" data-element_type=\"container\">\n\t\t\t\t<div class=\"elementor-element elementor-element-183085d elementor-view-default elementor-widget elementor-widget-icon\" data-id=\"183085d\" data-element_type=\"widget\" data-widget_type=\"icon.default\">\n\t\t\t\t\t\t\t<div class=\"elementor-icon-wrapper\">\n\t\t\t<div class=\"elementor-icon\">\n\t\t\t<svg aria-hidden=\"true\" class=\"e-font-icon-svg e-fas-chart-area\" viewbox=\"0 0 512 512\" xmlns=\"http:\/\/www.w3.org\/2000\/svg\"><path d=\"M500 384c6.6 0 12 5.4 12 12v40c0 6.6-5.4 12-12 12H12c-6.6 0-12-5.4-12-12V76c0-6.6 5.4-12 12-12h40c6.6 0 12 5.4 12 12v308h436zM372.7 159.5L288 216l-85.3-113.7c-5.1-6.8-15.5-6.3-19.9 1L96 248v104h384l-89.9-187.8c-3.2-6.5-11.4-8.7-17.4-4.7z\"><\/path><\/svg>\t\t\t<\/div>\n\t\t<\/div>\n\t\t\t\t\t\t<\/div>\n\t\t\t\t<div class=\"elementor-element elementor-element-04912b3 elementor-widget elementor-widget-heading\" data-id=\"04912b3\" data-element_type=\"widget\" data-widget_type=\"heading.default\">\n\t\t\t\t\t<h4 class=\"elementor-heading-title elementor-size-default\">BAIXAR CUSTOS OPERACIONAIS<\/h4>\t\t\t\t<\/div>\n\t\t\t\t<div class=\"elementor-element elementor-element-04a885d elementor-widget elementor-widget-heading\" data-id=\"04a885d\" data-element_type=\"widget\" data-widget_type=\"heading.default\">\n\t\t\t\t\t<p class=\"elementor-heading-title elementor-size-default\">Numa loja online, a maioria dos custos fixos n\u00e3o existe, permitindo uma economia relevante para o seu neg\u00f3cio. Exceto nos casos onde voc\u00ea come\u00e7a pelo mundo online, muitos dos custos que voc\u00ea j\u00e1 tinha para a sua loja f\u00edsica, podem ser agora repartidos pelo mercado online.<\/p>\t\t\t\t<\/div>\n\t\t\t\t<\/div>\n\t\t<div class=\"elementor-element elementor-element-4233e96 e-con-full e-flex e-con e-child\" data-id=\"4233e96\" data-element_type=\"container\">\n\t\t\t\t<div class=\"elementor-element elementor-element-40fadf8 elementor-view-default elementor-widget elementor-widget-icon\" data-id=\"40fadf8\" data-element_type=\"widget\" data-widget_type=\"icon.default\">\n\t\t\t\t\t\t\t<div class=\"elementor-icon-wrapper\">\n\t\t\t<div class=\"elementor-icon\">\n\t\t\t<svg aria-hidden=\"true\" class=\"e-font-icon-svg e-fas-info-circle\" viewbox=\"0 0 512 512\" xmlns=\"http:\/\/www.w3.org\/2000\/svg\"><path d=\"M256 8C119.043 8 8 119.083 8 256c0 136.997 111.043 248 248 248s248-111.003 248-248C504 119.083 392.957 8 256 8zm0 110c23.196 0 42 18.804 42 42s-18.804 42-42 42-42-18.804-42-42 18.804-42 42-42zm56 254c0 6.627-5.373 12-12 12h-88c-6.627 0-12-5.373-12-12v-24c0-6.627 5.373-12 12-12h12v-64h-12c-6.627 0-12-5.373-12-12v-24c0-6.627 5.373-12 12-12h64c6.627 0 12 5.373 12 12v100h12c6.627 0 12 5.373 12 12v24z\"><\/path><\/svg>\t\t\t<\/div>\n\t\t<\/div>\n\t\t\t\t\t\t<\/div>\n\t\t\t\t<div class=\"elementor-element elementor-element-cd12a6c elementor-widget elementor-widget-heading\" data-id=\"cd12a6c\" data-element_type=\"widget\" data-widget_type=\"heading.default\">\n\t\t\t\t\t<h4 class=\"elementor-heading-title elementor-size-default\">FACILIDADE ACESSO INFORMA\u00c7\u00c3O\n<\/h4>\t\t\t\t<\/div>\n\t\t\t\t<div class=\"elementor-element elementor-element-23f0f2f elementor-widget elementor-widget-heading\" data-id=\"23f0f2f\" data-element_type=\"widget\" data-widget_type=\"heading.default\">\n\t\t\t\t\t<p class=\"elementor-heading-title elementor-size-default\">Voc\u00ea poder\u00e1 aceder \u00e0s estat\u00edsticas das usa vendas, visitas, etc..., onde quiser, atrav\u00e9s de qualquer dispositivo, bastando uma conex\u00e3o \u00e0 internet. N\u00e3o \u00e9 fant\u00e1stico poder estar de f\u00e9rias e saber, ao minuto, quanto a sua loja online est\u00e1 a vender?<\/p>\t\t\t\t<\/div>\n\t\t\t\t<\/div>\n\t\t<div class=\"elementor-element elementor-element-8b51585 e-con-full e-flex e-con e-child\" data-id=\"8b51585\" data-element_type=\"container\">\n\t\t\t\t<div class=\"elementor-element elementor-element-85b0b15 elementor-view-default elementor-widget elementor-widget-icon\" data-id=\"85b0b15\" data-element_type=\"widget\" data-widget_type=\"icon.default\">\n\t\t\t\t\t\t\t<div class=\"elementor-icon-wrapper\">\n\t\t\t<div class=\"elementor-icon\">\n\t\t\t<svg aria-hidden=\"true\" class=\"e-font-icon-svg e-fas-sliders-h\" viewbox=\"0 0 512 512\" xmlns=\"http:\/\/www.w3.org\/2000\/svg\"><path d=\"M496 384H160v-16c0-8.8-7.2-16-16-16h-32c-8.8 0-16 7.2-16 16v16H16c-8.8 0-16 7.2-16 16v32c0 8.8 7.2 16 16 16h80v16c0 8.8 7.2 16 16 16h32c8.8 0 16-7.2 16-16v-16h336c8.8 0 16-7.2 16-16v-32c0-8.8-7.2-16-16-16zm0-160h-80v-16c0-8.8-7.2-16-16-16h-32c-8.8 0-16 7.2-16 16v16H16c-8.8 0-16 7.2-16 16v32c0 8.8 7.2 16 16 16h336v16c0 8.8 7.2 16 16 16h32c8.8 0 16-7.2 16-16v-16h80c8.8 0 16-7.2 16-16v-32c0-8.8-7.2-16-16-16zm0-160H288V48c0-8.8-7.2-16-16-16h-32c-8.8 0-16 7.2-16 16v16H16C7.2 64 0 71.2 0 80v32c0 8.8 7.2 16 16 16h208v16c0 8.8 7.2 16 16 16h32c8.8 0 16-7.2 16-16v-16h208c8.8 0 16-7.2 16-16V80c0-8.8-7.2-16-16-16z\"><\/path><\/svg>\t\t\t<\/div>\n\t\t<\/div>\n\t\t\t\t\t\t<\/div>\n\t\t\t\t<div class=\"elementor-element elementor-element-c723966 elementor-widget elementor-widget-heading\" data-id=\"c723966\" data-element_type=\"widget\" data-widget_type=\"heading.default\">\n\t\t\t\t\t<h4 class=\"elementor-heading-title elementor-size-default\">FLEXIBILIDADE<\/h4>\t\t\t\t<\/div>\n\t\t\t\t<div class=\"elementor-element elementor-element-98bedc1 elementor-widget elementor-widget-heading\" data-id=\"98bedc1\" data-element_type=\"widget\" data-widget_type=\"heading.default\">\n\t\t\t\t\t<p class=\"elementor-heading-title elementor-size-default\">Um dos pontos mais importantes: quantas vezes muda as suas montras nas lojas f\u00edsicas? Online, pode alterar banners, agendar campanhas de descontos, mas tem que poder colocar produtos novos e destaca-los, de forma simples e automatizada. E ser capaz de alterar a sua loja em fun\u00e7\u00e3o do utilizador?<\/p>\t\t\t\t<\/div>\n\t\t\t\t<\/div>\n\t\t<div class=\"elementor-element elementor-element-cd3dc43 e-con-full e-flex e-con e-child\" data-id=\"cd3dc43\" data-element_type=\"container\">\n\t\t\t\t<div class=\"elementor-element elementor-element-2dd01d3 elementor-view-default elementor-widget elementor-widget-icon\" data-id=\"2dd01d3\" data-element_type=\"widget\" data-widget_type=\"icon.default\">\n\t\t\t\t\t\t\t<div class=\"elementor-icon-wrapper\">\n\t\t\t<div class=\"elementor-icon\">\n\t\t\t<svg aria-hidden=\"true\" class=\"e-font-icon-svg e-far-user-circle\" viewbox=\"0 0 496 512\" xmlns=\"http:\/\/www.w3.org\/2000\/svg\"><path d=\"M248 104c-53 0-96 43-96 96s43 96 96 96 96-43 96-96-43-96-96-96zm0 144c-26.5 0-48-21.5-48-48s21.5-48 48-48 48 21.5 48 48-21.5 48-48 48zm0-240C111 8 0 119 0 256s111 248 248 248 248-111 248-248S385 8 248 8zm0 448c-49.7 0-95.1-18.3-130.1-48.4 14.9-23 40.4-38.6 69.6-39.5 20.8 6.4 40.6 9.6 60.5 9.6s39.7-3.1 60.5-9.6c29.2 1 54.7 16.5 69.6 39.5-35 30.1-80.4 48.4-130.1 48.4zm162.7-84.1c-24.4-31.4-62.1-51.9-105.1-51.9-10.2 0-26 9.6-57.6 9.6-31.5 0-47.4-9.6-57.6-9.6-42.9 0-80.6 20.5-105.1 51.9C61.9 339.2 48 299.2 48 256c0-110.3 89.7-200 200-200s200 89.7 200 200c0 43.2-13.9 83.2-37.3 115.9z\"><\/path><\/svg>\t\t\t<\/div>\n\t\t<\/div>\n\t\t\t\t\t\t<\/div>\n\t\t\t\t<div class=\"elementor-element elementor-element-7b8fab6 elementor-widget elementor-widget-heading\" data-id=\"7b8fab6\" data-element_type=\"widget\" data-widget_type=\"heading.default\">\n\t\t\t\t\t<h4 class=\"elementor-heading-title elementor-size-default\">PERFIS DE UTILIZADORES<\/h4>\t\t\t\t<\/div>\n\t\t\t\t<div class=\"elementor-element elementor-element-a6f9575 elementor-widget elementor-widget-heading\" data-id=\"a6f9575\" data-element_type=\"widget\" data-widget_type=\"heading.default\">\n\t\t\t\t\t<p class=\"elementor-heading-title elementor-size-default\">No mundo online com o digiUP, \u00e9 poss\u00edvel mudar a sua loja em fun\u00e7\u00e3o do perfil do usu\u00e1rio. Atrav\u00e9s dos cookies, a loja online pode mudar. A sua loja temq ue atender \u00e0s novas leis do Regulamento Geral de Prote\u00e7\u00e3o de Dados (R.G.P.D.).<\/p>\t\t\t\t<\/div>\n\t\t\t\t<\/div>\n\t\t\t\t<\/div>\n\t\t\t\t<\/div>\n\t\t\t\t\t<\/div>\n\t\t\t\t<\/div>\n\t\t\t\t<\/div>","protected":false},"excerpt":{"rendered":"<p>ECOMMERCE Let&#8217;s create an ONLINE STORE Built from scratch, or starting from other platforms, We guarantee speed, efficiency, and safety. With us, your store NEVER CLOSES. Learn More It is very important to ensure that your store is always open and in perfect working order. In the online world, there is no opportunity for &#8220;excuse [&hellip;]<\/p>","protected":false},"author":2,"featured_media":0,"parent":0,"menu_order":0,"comment_status":"closed","ping_status":"closed","template":"","meta":{"footnotes":""},"class_list":["post-73","page","type-page","status-publish","hentry"],"_links":{"self":[{"href":"https:\/\/horizontedigital.pt\/pt\/wp-json\/wp\/v2\/pages\/73","targetHints":{"allow":["GET"]}}],"collection":[{"href":"https:\/\/horizontedigital.pt\/pt\/wp-json\/wp\/v2\/pages"}],"about":[{"href":"https:\/\/horizontedigital.pt\/pt\/wp-json\/wp\/v2\/types\/page"}],"author":[{"embeddable":true,"href":"https:\/\/horizontedigital.pt\/pt\/wp-json\/wp\/v2\/users\/2"}],"replies":[{"embeddable":true,"href":"https:\/\/horizontedigital.pt\/pt\/wp-json\/wp\/v2\/comments?post=73"}],"version-history":[{"count":31,"href":"https:\/\/horizontedigital.pt\/pt\/wp-json\/wp\/v2\/pages\/73\/revisions"}],"predecessor-version":[{"id":621,"href":"https:\/\/horizontedigital.pt\/pt\/wp-json\/wp\/v2\/pages\/73\/revisions\/621"}],"wp:attachment":[{"href":"https:\/\/horizontedigital.pt\/pt\/wp-json\/wp\/v2\/media?parent=73"}],"curies":[{"name":"wp","href":"https:\/\/api.w.org\/{rel}","templated":true}]}}