{"id":71,"date":"2025-10-29T05:23:19","date_gmt":"2025-10-29T05:23:19","guid":{"rendered":"https:\/\/hdigital.hdonline.pt\/?page_id=71"},"modified":"2025-11-20T10:58:35","modified_gmt":"2025-11-20T10:58:35","slug":"search-engine-optimization","status":"publish","type":"page","link":"https:\/\/horizontedigital.pt\/pt\/search-engine-optimization\/","title":{"rendered":"Search Engine Optimization"},"content":{"rendered":"<div data-elementor-type=\"wp-page\" data-elementor-id=\"71\" class=\"elementor elementor-71\" data-elementor-post-type=\"page\">\n\t\t\t\t<div class=\"elementor-element elementor-element-4fee2d2 e-flex e-con-boxed e-con e-parent\" data-id=\"4fee2d2\" data-element_type=\"container\" data-settings=\"{&quot;background_background&quot;:&quot;classic&quot;}\">\n\t\t\t\t\t<div class=\"e-con-inner\">\n\t\t<div class=\"elementor-element elementor-element-d15be77 e-con-full e-flex e-con e-child\" data-id=\"d15be77\" data-element_type=\"container\">\n\t\t<div class=\"elementor-element elementor-element-539f3be e-con-full e-flex e-con e-child\" data-id=\"539f3be\" data-element_type=\"container\">\n\t\t\t\t<div class=\"elementor-element elementor-element-447fe8d elementor-widget elementor-widget-heading\" data-id=\"447fe8d\" data-element_type=\"widget\" data-widget_type=\"heading.default\">\n\t\t\t\t\t<h1 class=\"elementor-heading-title elementor-size-default\">MARKETING DIGITAL  SEO PORTUGAL<\/h1>\t\t\t\t<\/div>\n\t\t\t\t<div class=\"elementor-element elementor-element-7cd6994 elementor-widget elementor-widget-heading\" data-id=\"7cd6994\" data-element_type=\"widget\" data-widget_type=\"heading.default\">\n\t\t\t\t\t<h1 class=\"elementor-heading-title elementor-size-default\">Suba para o topo do Google\ne aumente as vendas<\/h1>\t\t\t\t<\/div>\n\t\t\t\t<div class=\"elementor-element elementor-element-29793da elementor-widget elementor-widget-heading\" data-id=\"29793da\" data-element_type=\"widget\" data-widget_type=\"heading.default\">\n\t\t\t\t\t<h1 class=\"elementor-heading-title elementor-size-default\">Fique \u00e0 frente da concorr\u00eancia e encontre novos clientes online.<\/h1>\t\t\t\t<\/div>\n\t\t\t\t<\/div>\n\t\t\t\t<div class=\"elementor-element elementor-element-a99784f elementor-widget elementor-widget-button\" data-id=\"a99784f\" data-element_type=\"widget\" data-widget_type=\"button.default\">\n\t\t\t\t\t\t\t\t\t\t<a class=\"elementor-button elementor-button-link elementor-size-sm\" href=\"#article\">\n\t\t\t\t\t\t<span class=\"elementor-button-content-wrapper\">\n\t\t\t\t\t\t<span class=\"elementor-button-icon\">\n\t\t\t\t<svg aria-hidden=\"true\" class=\"e-font-icon-svg e-fas-arrow-down\" viewbox=\"0 0 448 512\" xmlns=\"http:\/\/www.w3.org\/2000\/svg\"><path d=\"M413.1 222.5l22.2 22.2c9.4 9.4 9.4 24.6 0 33.9L241 473c-9.4 9.4-24.6 9.4-33.9 0L12.7 278.6c-9.4-9.4-9.4-24.6 0-33.9l22.2-22.2c9.5-9.5 25-9.3 34.3.4L184 343.4V56c0-13.3 10.7-24 24-24h32c13.3 0 24 10.7 24 24v287.4l114.8-120.5c9.3-9.8 24.8-10 34.3-.4z\"><\/path><\/svg>\t\t\t<\/span>\n\t\t\t\t\t\t\t\t\t<span class=\"elementor-button-text\">Saiba mais<\/span>\n\t\t\t\t\t<\/span>\n\t\t\t\t\t<\/a>\n\t\t\t\t\t\t\t\t<\/div>\n\t\t\t\t<\/div>\n\t\t\t\t\t<\/div>\n\t\t\t\t<\/div>\n\t\t<div class=\"elementor-element elementor-element-bca46ce e-flex e-con-boxed e-con e-parent\" data-id=\"bca46ce\" data-element_type=\"container\" id=\"article\">\n\t\t\t\t\t<div class=\"e-con-inner\">\n\t\t<div class=\"elementor-element elementor-element-d78f372 e-con-full e-flex e-con e-child\" data-id=\"d78f372\" data-element_type=\"container\">\n\t\t\t\t<div class=\"elementor-element elementor-element-95e8878 elementor-widget elementor-widget-video\" data-id=\"95e8878\" data-element_type=\"widget\" data-settings=\"{&quot;youtube_url&quot;:&quot;https:\\\/\\\/youtu.be\\\/0eKVizvYSUQ&quot;,&quot;show_image_overlay&quot;:&quot;yes&quot;,&quot;image_overlay&quot;:{&quot;url&quot;:&quot;https:\\\/\\\/images.unsplash.com\\\/photo-1726066012698-bb7a3abce786&quot;,&quot;id&quot;:&quot;&quot;,&quot;size&quot;:&quot;&quot;,&quot;source&quot;:&quot;url&quot;},&quot;lightbox&quot;:&quot;yes&quot;,&quot;video_type&quot;:&quot;youtube&quot;}\" data-widget_type=\"video.default\">\n\t\t\t\t\t\t\t<div class=\"elementor-wrapper elementor-open-lightbox\">\n\t\t\t\t\t\t\t<div class=\"elementor-custom-embed-image-overlay\" data-elementor-open-lightbox=\"yes\" data-elementor-lightbox=\"{&quot;type&quot;:&quot;video&quot;,&quot;videoType&quot;:&quot;youtube&quot;,&quot;url&quot;:&quot;https:\\\/\\\/www.youtube.com\\\/embed\\\/0eKVizvYSUQ?feature=oembed&amp;start&amp;end&amp;wmode=opaque&amp;loop=0&amp;controls=0&amp;mute=0&amp;rel=0&amp;cc_load_policy=0&quot;,&quot;autoplay&quot;:&quot;&quot;,&quot;modalOptions&quot;:{&quot;id&quot;:&quot;elementor-lightbox-95e8878&quot;,&quot;entranceAnimation&quot;:&quot;&quot;,&quot;entranceAnimation_tablet&quot;:&quot;&quot;,&quot;entranceAnimation_mobile&quot;:&quot;&quot;,&quot;videoAspectRatio&quot;:&quot;169&quot;}}\" data-e-action-hash=\"#elementor-action%3Aaction%3Dlightbox%26settings%3DeyJ0eXBlIjoidmlkZW8iLCJ2aWRlb1R5cGUiOiJ5b3V0dWJlIiwidXJsIjoiaHR0cHM6XC9cL3d3dy55b3V0dWJlLmNvbVwvZW1iZWRcLzBlS1ZpenZZU1VRP2ZlYXR1cmU9b2VtYmVkJnN0YXJ0JmVuZCZ3bW9kZT1vcGFxdWUmbG9vcD0wJmNvbnRyb2xzPTAmbXV0ZT0wJnJlbD0wJmNjX2xvYWRfcG9saWN5PTAiLCJhdXRvcGxheSI6IiIsIm1vZGFsT3B0aW9ucyI6eyJpZCI6ImVsZW1lbnRvci1saWdodGJveC05NWU4ODc4IiwiZW50cmFuY2VBbmltYXRpb24iOiIiLCJlbnRyYW5jZUFuaW1hdGlvbl90YWJsZXQiOiIiLCJlbnRyYW5jZUFuaW1hdGlvbl9tb2JpbGUiOiIiLCJ2aWRlb0FzcGVjdFJhdGlvIjoiMTY5In19\">\n\t\t\t\t\t\t\t\t\t\t\t<img decoding=\"async\" src=\"https:\/\/images.unsplash.com\/photo-1726066012698-bb7a3abce786\" title=\"\" alt=\"\" loading=\"lazy\" \/>\t\t\t\t\t\t\t\t\t\t\t\t\t\t\t\t<div class=\"elementor-custom-embed-play\" role=\"button\" aria-label=\"Reproduzir v\u00eddeo\" tabindex=\"0\" data-no-translation-aria-label=\"\">\n\t\t\t\t\t\t\t<svg aria-hidden=\"true\" class=\"e-font-icon-svg e-eicon-play\" viewbox=\"0 0 1000 1000\" xmlns=\"http:\/\/www.w3.org\/2000\/svg\"><path d=\"M838 162C746 71 633 25 500 25 371 25 258 71 163 162 71 254 25 367 25 500 25 633 71 746 163 837 254 929 367 979 500 979 633 979 746 933 838 837 929 746 975 633 975 500 975 367 929 254 838 162M808 192C892 279 933 379 933 500 933 621 892 725 808 808 725 892 621 938 500 938 379 938 279 896 196 808 113 725 67 621 67 500 67 379 108 279 196 192 279 108 383 62 500 62 621 62 721 108 808 192M438 392V642L642 517 438 392Z\"><\/path><\/svg>\t\t\t\t\t\t<\/div>\n\t\t\t\t\t\t\t\t\t<\/div>\n\t\t\t\t\t<\/div>\n\t\t\t\t\t\t<\/div>\n\t\t\t\t<\/div>\n\t\t<div class=\"elementor-element elementor-element-ed52a0f e-con-full e-flex e-con e-child\" data-id=\"ed52a0f\" data-element_type=\"container\">\n\t\t\t\t<div class=\"elementor-element elementor-element-6fbfcb9 elementor-widget elementor-widget-heading\" data-id=\"6fbfcb9\" data-element_type=\"widget\" data-widget_type=\"heading.default\">\n\t\t\t\t\t<h1 class=\"elementor-heading-title elementor-size-default\">O que \u00e9 o SEO?<\/h1>\t\t\t\t<\/div>\n\t\t\t\t<div class=\"elementor-element elementor-element-4107af2 elementor-widget elementor-widget-text-editor\" data-id=\"4107af2\" data-element_type=\"widget\" data-widget_type=\"text-editor.default\">\n\t\t\t\t\t\t\t\t\t<p>SEO significa Search Engine Optimization, que \u00e9 a pr\u00e1tica de aumentar a quantidade e a qualidade do tr\u00e1fego para o seu site atrav\u00e9s de resultados de pesquisas org\u00e2nicas (retirados de moz.com).<\/p><p>H\u00e1 muito a dizer sobre SEO, mas voc\u00ea pode aprender SEO de forma r\u00e1pida e f\u00e1cil com nossa SEO Academy, que foi criada para aprimorar as suas habilidades em SEO de maneira r\u00e1pida e eficaz.<\/p><p>SEO n\u00e3o \u00e9 complicado se voc\u00ea tiver o professor certo.<\/p>\t\t\t\t\t\t\t\t<\/div>\n\t\t\t\t<\/div>\n\t\t\t\t\t<\/div>\n\t\t\t\t<\/div>\n\t\t<div class=\"elementor-element elementor-element-59cd49e e-con-full e-flex e-con e-parent\" data-id=\"59cd49e\" data-element_type=\"container\" data-settings=\"{&quot;background_background&quot;:&quot;classic&quot;}\">\n\t\t<div class=\"elementor-element elementor-element-72f8702 e-con-full e-flex e-con e-child\" data-id=\"72f8702\" data-element_type=\"container\" data-settings=\"{&quot;background_background&quot;:&quot;classic&quot;}\">\n\t\t\t\t<\/div>\n\t\t<div class=\"elementor-element elementor-element-20260f7 e-con-full e-flex e-con e-child\" data-id=\"20260f7\" data-element_type=\"container\">\n\t\t\t\t<div class=\"elementor-element elementor-element-dcfaecc elementor-widget elementor-widget-heading\" data-id=\"dcfaecc\" data-element_type=\"widget\" data-widget_type=\"heading.default\">\n\t\t\t\t\t<h1 class=\"elementor-heading-title elementor-size-default\">N\u00e3o perca neg\u00f3cios para a concorr\u00eancia<\/h1>\t\t\t\t<\/div>\n\t\t\t\t<div class=\"elementor-element elementor-element-59f4b9a elementor-widget elementor-widget-text-editor\" data-id=\"59f4b9a\" data-element_type=\"widget\" data-widget_type=\"text-editor.default\">\n\t\t\t\t\t\t\t\t\t<div id=\"1056410835\" class=\"u_1056410835 dmNewParagraph\" data-element-type=\"paragraph\" data-version=\"5\"><p class=\"text-align-left size-18 m-size-14\"><span class=\"font-size-18 m-font-size-14\">Somos Consultores SEO - voc\u00ea est\u00e1 a perder neg\u00f3cios devido \u00e0 pouca visibilidade online? A maioria dos seus clientes pesquisa empresas locais atrav\u00e9s da pesquisa no Google. Somos especializados em ajudar empresas locais a chegar ao topo dos resultados da pesquisa para aumentar as vendas. A sua jornada inicia-se desenvolvendo uma estrat\u00e9gia clara para aumentar a sua presen\u00e7a digital.<\/span><\/p><p class=\"text-align-left size-18 m-size-14\"><span class=\"font-size-18 m-font-size-14\">Forneceremos um plano para encontrar novos clientes on-line que funcione para o seu neg\u00f3cio e o seu or\u00e7amento.<\/span><\/p><\/div><div id=\"1789031713\" class=\"u_1789031713 dmNewParagraph\" data-element-type=\"paragraph\" data-version=\"5\"><ul class=\"defaultList\"><li class=\"m-size-16\"><span class=\"m-font-size-16\">Auditoria Gr\u00e1tis<\/span><\/li><li class=\"m-size-16\"><span class=\"m-font-size-16\">Estrat\u00e9gia Clara<\/span><\/li><li class=\"m-size-16\"><span class=\"m-font-size-16\">Encontre Clientes<\/span><\/li><li class=\"m-size-16\"><span class=\"m-font-size-16\">Aumente as Vendas<\/span><\/li><\/ul><\/div>\t\t\t\t\t\t\t\t<\/div>\n\t\t\t\t<\/div>\n\t\t\t\t<\/div>\n\t\t<div class=\"elementor-element elementor-element-956e649 e-flex e-con-boxed e-con e-parent\" data-id=\"956e649\" data-element_type=\"container\">\n\t\t\t\t\t<div class=\"e-con-inner\">\n\t\t<div class=\"elementor-element elementor-element-666fcec e-con-full e-flex e-con e-child\" data-id=\"666fcec\" data-element_type=\"container\">\n\t\t\t\t<div class=\"elementor-element elementor-element-abf95d1 elementor-widget elementor-widget-heading\" data-id=\"abf95d1\" data-element_type=\"widget\" data-widget_type=\"heading.default\">\n\t\t\t\t\t<h1 class=\"elementor-heading-title elementor-size-default\">Impulsione os seus Neg\u00f3cios\n<\/h1>\t\t\t\t<\/div>\n\t\t\t\t<div class=\"elementor-element elementor-element-2a66a39 elementor-widget elementor-widget-text-editor\" data-id=\"2a66a39\" data-element_type=\"widget\" data-widget_type=\"text-editor.default\">\n\t\t\t\t\t\t\t\t\t<p class=\"text-align-left size-18 m-size-14\"><span class=\"font-size-18 m-font-size-14\">Quando se pesquisa informa\u00e7\u00f5es on-line, \u00e9 apresentada uma lista de sites. Os sites no topo da lista geram mais vendas. A otimiza\u00e7\u00e3o do mecanismo de pesquisa envolve fazer altera\u00e7\u00f5es regulares no site, permitindo que ele seja posicionado \u00e0 frente da concorr\u00eancia.<\/span><\/p><p class=\"text-align-left size-18 m-size-14\"><span class=\"font-size-18 m-font-size-14\">SEO e Marketing Digital podem ser confusos. Voc\u00ea pode ter investido em publicidade no passado e n\u00e3o ter visto o retorno do investimento. Podemos fornecer servi\u00e7os de SEO com uma taxa hor\u00e1ria fixa e um relat\u00f3rio mensal descrevendo nossas atividades e seu progresso.<\/span><\/p>\t\t\t\t\t\t\t\t<\/div>\n\t\t\t\t<\/div>\n\t\t<div class=\"elementor-element elementor-element-934bead e-con-full e-flex e-con e-child\" data-id=\"934bead\" data-element_type=\"container\">\n\t\t\t\t<div class=\"elementor-element elementor-element-8727dac elementor-widget elementor-widget-video\" data-id=\"8727dac\" data-element_type=\"widget\" data-settings=\"{&quot;video_type&quot;:&quot;hosted&quot;,&quot;show_image_overlay&quot;:&quot;yes&quot;,&quot;image_overlay&quot;:{&quot;url&quot;:&quot;https:\\\/\\\/horizontedigital.pt\\\/wp-content\\\/uploads\\\/2025\\\/11\\\/Home-Boost_1-1920w.webp&quot;,&quot;id&quot;:524,&quot;size&quot;:&quot;&quot;,&quot;alt&quot;:&quot;&quot;,&quot;source&quot;:&quot;library&quot;},&quot;lightbox&quot;:&quot;yes&quot;,&quot;lightbox_content_animation&quot;:&quot;fadeIn&quot;}\" data-widget_type=\"video.default\">\n\t\t\t\t\t\t\t<div class=\"e-hosted-video elementor-wrapper elementor-open-lightbox\">\n\t\t\t\t\t\t\t<div class=\"elementor-custom-embed-image-overlay\" data-elementor-open-lightbox=\"yes\" data-elementor-lightbox=\"{&quot;type&quot;:&quot;video&quot;,&quot;videoType&quot;:&quot;hosted&quot;,&quot;url&quot;:&quot;https:\\\/\\\/horizontedigital.pt\\\/wp-content\\\/uploads\\\/2025\\\/11\\\/KkR73c8RPi81C997pcnQ_SEOHorizonteDigital2020-v.mp4&quot;,&quot;autoplay&quot;:&quot;&quot;,&quot;modalOptions&quot;:{&quot;id&quot;:&quot;elementor-lightbox-8727dac&quot;,&quot;entranceAnimation&quot;:&quot;fadeIn&quot;,&quot;entranceAnimation_tablet&quot;:&quot;&quot;,&quot;entranceAnimation_mobile&quot;:&quot;&quot;,&quot;videoAspectRatio&quot;:&quot;43&quot;},&quot;videoParams&quot;:{&quot;preload&quot;:&quot;metadata&quot;,&quot;controlsList&quot;:&quot;nodownload&quot;}}\" data-e-action-hash=\"#elementor-action%3Aaction%3Dlightbox%26settings%3DeyJ0eXBlIjoidmlkZW8iLCJ2aWRlb1R5cGUiOiJob3N0ZWQiLCJ1cmwiOiJodHRwczpcL1wvaG9yaXpvbnRlZGlnaXRhbC5wdFwvd3AtY29udGVudFwvdXBsb2Fkc1wvMjAyNVwvMTFcL0trUjczYzhSUGk4MUM5OTdwY25RX1NFT0hvcml6b250ZURpZ2l0YWwyMDIwLXYubXA0IiwiYXV0b3BsYXkiOiIiLCJtb2RhbE9wdGlvbnMiOnsiaWQiOiJlbGVtZW50b3ItbGlnaHRib3gtODcyN2RhYyIsImVudHJhbmNlQW5pbWF0aW9uIjoiZmFkZUluIiwiZW50cmFuY2VBbmltYXRpb25fdGFibGV0IjoiIiwiZW50cmFuY2VBbmltYXRpb25fbW9iaWxlIjoiIiwidmlkZW9Bc3BlY3RSYXRpbyI6IjQzIn0sInZpZGVvUGFyYW1zIjp7InByZWxvYWQiOiJtZXRhZGF0YSIsImNvbnRyb2xzTGlzdCI6Im5vZG93bmxvYWQifX0%3D\">\n\t\t\t\t\t\t\t\t\t\t\t<img fetchpriority=\"high\" decoding=\"async\" width=\"1920\" height=\"1688\" src=\"https:\/\/horizontedigital.pt\/wp-content\/uploads\/2025\/11\/Home-Boost_1-1920w.webp\" class=\"attachment-full size-full wp-image-524\" alt=\"\" srcset=\"https:\/\/horizontedigital.pt\/wp-content\/uploads\/2025\/11\/Home-Boost_1-1920w.webp 1920w, https:\/\/horizontedigital.pt\/wp-content\/uploads\/2025\/11\/Home-Boost_1-1920w-300x264.webp 300w, https:\/\/horizontedigital.pt\/wp-content\/uploads\/2025\/11\/Home-Boost_1-1920w-1024x900.webp 1024w, https:\/\/horizontedigital.pt\/wp-content\/uploads\/2025\/11\/Home-Boost_1-1920w-768x675.webp 768w, https:\/\/horizontedigital.pt\/wp-content\/uploads\/2025\/11\/Home-Boost_1-1920w-1536x1350.webp 1536w, https:\/\/horizontedigital.pt\/wp-content\/uploads\/2025\/11\/Home-Boost_1-1920w-14x12.webp 14w\" sizes=\"(max-width: 1920px) 100vw, 1920px\" \/>\t\t\t\t\t\t\t\t\t\t\t\t\t\t\t\t<div class=\"elementor-custom-embed-play\" role=\"button\" aria-label=\"Reproduzir v\u00eddeo\" tabindex=\"0\" data-no-translation-aria-label=\"\">\n\t\t\t\t\t\t\t<svg aria-hidden=\"true\" class=\"e-font-icon-svg e-eicon-play\" viewbox=\"0 0 1000 1000\" xmlns=\"http:\/\/www.w3.org\/2000\/svg\"><path d=\"M838 162C746 71 633 25 500 25 371 25 258 71 163 162 71 254 25 367 25 500 25 633 71 746 163 837 254 929 367 979 500 979 633 979 746 933 838 837 929 746 975 633 975 500 975 367 929 254 838 162M808 192C892 279 933 379 933 500 933 621 892 725 808 808 725 892 621 938 500 938 379 938 279 896 196 808 113 725 67 621 67 500 67 379 108 279 196 192 279 108 383 62 500 62 621 62 721 108 808 192M438 392V642L642 517 438 392Z\"><\/path><\/svg>\t\t\t\t\t\t<\/div>\n\t\t\t\t\t\t\t\t\t<\/div>\n\t\t\t\t\t<\/div>\n\t\t\t\t\t\t<\/div>\n\t\t\t\t<\/div>\n\t\t\t\t\t<\/div>\n\t\t\t\t<\/div>\n\t\t<div class=\"elementor-element elementor-element-0f4eae2 e-con-full e-flex e-con e-parent\" data-id=\"0f4eae2\" data-element_type=\"container\">\n\t\t\t\t<div class=\"elementor-element elementor-element-58ccb93 elementor-widget-divider--view-line elementor-widget elementor-widget-divider\" data-id=\"58ccb93\" data-element_type=\"widget\" data-widget_type=\"divider.default\">\n\t\t\t\t\t\t\t<div class=\"elementor-divider\">\n\t\t\t<span class=\"elementor-divider-separator\">\n\t\t\t\t\t\t<\/span>\n\t\t<\/div>\n\t\t\t\t\t\t<\/div>\n\t\t\t\t<\/div>\n\t\t<div class=\"elementor-element elementor-element-cda5bd4 e-flex e-con-boxed e-con e-parent\" data-id=\"cda5bd4\" data-element_type=\"container\">\n\t\t\t\t\t<div class=\"e-con-inner\">\n\t\t<div class=\"elementor-element elementor-element-6b1a3bb e-con-full e-flex e-con e-child\" data-id=\"6b1a3bb\" data-element_type=\"container\">\n\t\t\t\t<div class=\"elementor-element elementor-element-f9acb5c elementor-widget elementor-widget-heading\" data-id=\"f9acb5c\" data-element_type=\"widget\" data-widget_type=\"heading.default\">\n\t\t\t\t\t<h1 class=\"elementor-heading-title elementor-size-default\">\nPlano para chegar ao topo dos resultados\nda pesquisa e aumentar as vendas\n<\/h1>\t\t\t\t<\/div>\n\t\t\t\t<\/div>\n\t\t<div class=\"elementor-element elementor-element-4986305 e-con-full e-flex e-con e-child\" data-id=\"4986305\" data-element_type=\"container\">\n\t\t<div class=\"elementor-element elementor-element-880c19c e-grid e-con-full e-con e-child\" data-id=\"880c19c\" data-element_type=\"container\">\n\t\t<div class=\"elementor-element elementor-element-59c80f0 e-con-full e-flex e-con e-child\" data-id=\"59c80f0\" data-element_type=\"container\">\n\t\t\t\t<div class=\"elementor-element elementor-element-60aadc3 elementor-widget elementor-widget-image\" data-id=\"60aadc3\" data-element_type=\"widget\" data-widget_type=\"image.default\">\n\t\t\t\t\t\t\t\t\t\t\t\t\t\t\t<img decoding=\"async\" width=\"150\" height=\"150\" src=\"https:\/\/horizontedigital.pt\/wp-content\/uploads\/2025\/11\/Earnings-Icon-No-Experience-Necessary-1920w-150x150.webp\" class=\"attachment-thumbnail size-thumbnail wp-image-534\" alt=\"\" srcset=\"https:\/\/horizontedigital.pt\/wp-content\/uploads\/2025\/11\/Earnings-Icon-No-Experience-Necessary-1920w-150x150.webp 150w, https:\/\/horizontedigital.pt\/wp-content\/uploads\/2025\/11\/Earnings-Icon-No-Experience-Necessary-1920w-300x300.webp 300w, https:\/\/horizontedigital.pt\/wp-content\/uploads\/2025\/11\/Earnings-Icon-No-Experience-Necessary-1920w-768x768.webp 768w, https:\/\/horizontedigital.pt\/wp-content\/uploads\/2025\/11\/Earnings-Icon-No-Experience-Necessary-1920w-12x12.webp 12w, https:\/\/horizontedigital.pt\/wp-content\/uploads\/2025\/11\/Earnings-Icon-No-Experience-Necessary-1920w.webp 1000w\" sizes=\"(max-width: 150px) 100vw, 150px\" \/>\t\t\t\t\t\t\t\t\t\t\t\t\t\t\t<\/div>\n\t\t\t\t<div class=\"elementor-element elementor-element-8626fc4 elementor-widget elementor-widget-heading\" data-id=\"8626fc4\" data-element_type=\"widget\" data-widget_type=\"heading.default\">\n\t\t\t\t\t<h2 class=\"elementor-heading-title elementor-size-default\">Estrat\u00e9gia\n<\/h2>\t\t\t\t<\/div>\n\t\t\t\t<div class=\"elementor-element elementor-element-d1cfe76 elementor-widget elementor-widget-heading\" data-id=\"d1cfe76\" data-element_type=\"widget\" data-widget_type=\"heading.default\">\n\t\t\t\t\t<p class=\"elementor-heading-title elementor-size-default\">Desenvolveremos uma estrat\u00e9gia sem jarg\u00f5es para chegar ao topo dos resultados da pesquisa e aumentar as vendas.<\/p>\t\t\t\t<\/div>\n\t\t\t\t<\/div>\n\t\t<div class=\"elementor-element elementor-element-d0e678b e-con-full e-flex e-con e-child\" data-id=\"d0e678b\" data-element_type=\"container\">\n\t\t\t\t<div class=\"elementor-element elementor-element-7a539f8 elementor-widget elementor-widget-image\" data-id=\"7a539f8\" data-element_type=\"widget\" data-widget_type=\"image.default\">\n\t\t\t\t\t\t\t\t\t\t\t\t\t\t\t<img decoding=\"async\" width=\"150\" height=\"150\" src=\"https:\/\/horizontedigital.pt\/wp-content\/uploads\/2025\/11\/Icon-Low-Overheads-1920w-150x150.webp\" class=\"attachment-thumbnail size-thumbnail wp-image-533\" alt=\"\" srcset=\"https:\/\/horizontedigital.pt\/wp-content\/uploads\/2025\/11\/Icon-Low-Overheads-1920w-150x150.webp 150w, https:\/\/horizontedigital.pt\/wp-content\/uploads\/2025\/11\/Icon-Low-Overheads-1920w-300x300.webp 300w, https:\/\/horizontedigital.pt\/wp-content\/uploads\/2025\/11\/Icon-Low-Overheads-1920w-768x768.webp 768w, https:\/\/horizontedigital.pt\/wp-content\/uploads\/2025\/11\/Icon-Low-Overheads-1920w-12x12.webp 12w, https:\/\/horizontedigital.pt\/wp-content\/uploads\/2025\/11\/Icon-Low-Overheads-1920w.webp 1000w\" sizes=\"(max-width: 150px) 100vw, 150px\" \/>\t\t\t\t\t\t\t\t\t\t\t\t\t\t\t<\/div>\n\t\t\t\t<div class=\"elementor-element elementor-element-5643aa2 elementor-widget elementor-widget-heading\" data-id=\"5643aa2\" data-element_type=\"widget\" data-widget_type=\"heading.default\">\n\t\t\t\t\t<h2 class=\"elementor-heading-title elementor-size-default\">Implementa\u00e7\u00e3o\n<\/h2>\t\t\t\t<\/div>\n\t\t\t\t<div class=\"elementor-element elementor-element-98927fd elementor-widget elementor-widget-heading\" data-id=\"98927fd\" data-element_type=\"widget\" data-widget_type=\"heading.default\">\n\t\t\t\t\t<p class=\"elementor-heading-title elementor-size-default\">Por uma taxa mensal fixa, implementamos a sua nova estrat\u00e9gia que melhorar\u00e1 a sua visibilidade online.<\/p>\t\t\t\t<\/div>\n\t\t\t\t<\/div>\n\t\t<div class=\"elementor-element elementor-element-6ebd724 e-con-full e-flex e-con e-child\" data-id=\"6ebd724\" data-element_type=\"container\">\n\t\t\t\t<div class=\"elementor-element elementor-element-c2b9ae6 elementor-widget elementor-widget-image\" data-id=\"c2b9ae6\" data-element_type=\"widget\" data-widget_type=\"image.default\">\n\t\t\t\t\t\t\t\t\t\t\t\t\t\t\t<img loading=\"lazy\" decoding=\"async\" width=\"150\" height=\"150\" src=\"https:\/\/horizontedigital.pt\/wp-content\/uploads\/2025\/11\/Icon-Significant-Income-1920w-150x150.webp\" class=\"attachment-thumbnail size-thumbnail wp-image-532\" alt=\"\" srcset=\"https:\/\/horizontedigital.pt\/wp-content\/uploads\/2025\/11\/Icon-Significant-Income-1920w-150x150.webp 150w, https:\/\/horizontedigital.pt\/wp-content\/uploads\/2025\/11\/Icon-Significant-Income-1920w-300x300.webp 300w, https:\/\/horizontedigital.pt\/wp-content\/uploads\/2025\/11\/Icon-Significant-Income-1920w-768x768.webp 768w, https:\/\/horizontedigital.pt\/wp-content\/uploads\/2025\/11\/Icon-Significant-Income-1920w-12x12.webp 12w, https:\/\/horizontedigital.pt\/wp-content\/uploads\/2025\/11\/Icon-Significant-Income-1920w.webp 1000w\" sizes=\"(max-width: 150px) 100vw, 150px\" \/>\t\t\t\t\t\t\t\t\t\t\t\t\t\t\t<\/div>\n\t\t\t\t<div class=\"elementor-element elementor-element-9b35505 elementor-widget elementor-widget-heading\" data-id=\"9b35505\" data-element_type=\"widget\" data-widget_type=\"heading.default\">\n\t\t\t\t\t<h2 class=\"elementor-heading-title elementor-size-default\">Resultados\n\n\n<\/h2>\t\t\t\t<\/div>\n\t\t\t\t<div class=\"elementor-element elementor-element-a6beeb4 elementor-widget elementor-widget-heading\" data-id=\"a6beeb4\" data-element_type=\"widget\" data-widget_type=\"heading.default\">\n\t\t\t\t\t<p class=\"elementor-heading-title elementor-size-default\">Acompanharemos o desempenho dos seus sites no Google e forneceremos relat\u00f3rios para mant\u00ea-lo atualizado.<\/p>\t\t\t\t<\/div>\n\t\t\t\t<\/div>\n\t\t<div class=\"elementor-element elementor-element-1e1d3db e-con-full e-flex e-con e-child\" data-id=\"1e1d3db\" data-element_type=\"container\">\n\t\t\t\t<div class=\"elementor-element elementor-element-2f3091c elementor-widget elementor-widget-image\" data-id=\"2f3091c\" data-element_type=\"widget\" data-widget_type=\"image.default\">\n\t\t\t\t\t\t\t\t\t\t\t\t\t\t\t<img loading=\"lazy\" decoding=\"async\" width=\"150\" height=\"150\" src=\"https:\/\/horizontedigital.pt\/wp-content\/uploads\/2025\/11\/Home-Success-1920w-150x150.webp\" class=\"attachment-thumbnail size-thumbnail wp-image-531\" alt=\"Success in Business\" srcset=\"https:\/\/horizontedigital.pt\/wp-content\/uploads\/2025\/11\/Home-Success-1920w-150x150.webp 150w, https:\/\/horizontedigital.pt\/wp-content\/uploads\/2025\/11\/Home-Success-1920w-300x300.webp 300w, https:\/\/horizontedigital.pt\/wp-content\/uploads\/2025\/11\/Home-Success-1920w-1024x1024.webp 1024w, https:\/\/horizontedigital.pt\/wp-content\/uploads\/2025\/11\/Home-Success-1920w-768x768.webp 768w, https:\/\/horizontedigital.pt\/wp-content\/uploads\/2025\/11\/Home-Success-1920w-1536x1536.webp 1536w, https:\/\/horizontedigital.pt\/wp-content\/uploads\/2025\/11\/Home-Success-1920w-12x12.webp 12w, https:\/\/horizontedigital.pt\/wp-content\/uploads\/2025\/11\/Home-Success-1920w.webp 1920w\" sizes=\"(max-width: 150px) 100vw, 150px\" \/>\t\t\t\t\t\t\t\t\t\t\t\t\t\t\t<\/div>\n\t\t\t\t<div class=\"elementor-element elementor-element-33896d5 elementor-widget elementor-widget-heading\" data-id=\"33896d5\" data-element_type=\"widget\" data-widget_type=\"heading.default\">\n\t\t\t\t\t<h2 class=\"elementor-heading-title elementor-size-default\">Sucesso\n<\/h2>\t\t\t\t<\/div>\n\t\t\t\t<div class=\"elementor-element elementor-element-254e514 elementor-widget elementor-widget-heading\" data-id=\"254e514\" data-element_type=\"widget\" data-widget_type=\"heading.default\">\n\t\t\t\t\t<p class=\"elementor-heading-title elementor-size-default\">Pode encontrar novos clientes atrav\u00e9s da pesquisa do Google; fique \u00e0 frente da concorr\u00eancia e aumente as vendas.<\/p>\t\t\t\t<\/div>\n\t\t\t\t<\/div>\n\t\t\t\t<\/div>\n\t\t\t\t<\/div>\n\t\t\t\t\t<\/div>\n\t\t\t\t<\/div>\n\t\t\t\t<\/div>","protected":false},"excerpt":{"rendered":"<p>DIGITAL MARKETING &#8211; SEO Climb to the top of Google and increase sales Stay ahead of the competition and find new customers online. Learn More https:\/\/youtu.be\/0eKVizvYSUQ What is SEO? SEO stands for Search Engine Optimization, which is the practice of increasing the quantity and quality of traffic to your website through organic search engine results [&hellip;]<\/p>","protected":false},"author":2,"featured_media":0,"parent":0,"menu_order":0,"comment_status":"closed","ping_status":"closed","template":"","meta":{"footnotes":""},"class_list":["post-71","page","type-page","status-publish","hentry"],"_links":{"self":[{"href":"https:\/\/horizontedigital.pt\/pt\/wp-json\/wp\/v2\/pages\/71","targetHints":{"allow":["GET"]}}],"collection":[{"href":"https:\/\/horizontedigital.pt\/pt\/wp-json\/wp\/v2\/pages"}],"about":[{"href":"https:\/\/horizontedigital.pt\/pt\/wp-json\/wp\/v2\/types\/page"}],"author":[{"embeddable":true,"href":"https:\/\/horizontedigital.pt\/pt\/wp-json\/wp\/v2\/users\/2"}],"replies":[{"embeddable":true,"href":"https:\/\/horizontedigital.pt\/pt\/wp-json\/wp\/v2\/comments?post=71"}],"version-history":[{"count":43,"href":"https:\/\/horizontedigital.pt\/pt\/wp-json\/wp\/v2\/pages\/71\/revisions"}],"predecessor-version":[{"id":729,"href":"https:\/\/horizontedigital.pt\/pt\/wp-json\/wp\/v2\/pages\/71\/revisions\/729"}],"wp:attachment":[{"href":"https:\/\/horizontedigital.pt\/pt\/wp-json\/wp\/v2\/media?parent=71"}],"curies":[{"name":"wp","href":"https:\/\/api.w.org\/{rel}","templated":true}]}}