{"id":53,"date":"2025-10-29T05:20:50","date_gmt":"2025-10-29T05:20:50","guid":{"rendered":"https:\/\/hdigital.hdonline.pt\/?page_id=53"},"modified":"2025-11-18T10:53:23","modified_gmt":"2025-11-18T10:53:23","slug":"about-us","status":"publish","type":"page","link":"https:\/\/horizontedigital.pt\/pt\/about-us\/","title":{"rendered":"Sobre n\u00f3s"},"content":{"rendered":"<div data-elementor-type=\"wp-page\" data-elementor-id=\"53\" class=\"elementor elementor-53\" data-elementor-post-type=\"page\">\n\t\t\t\t<div class=\"elementor-element elementor-element-34ab6af e-flex e-con-boxed e-con e-parent\" data-id=\"34ab6af\" data-element_type=\"container\" data-settings=\"{&quot;background_background&quot;:&quot;classic&quot;}\">\n\t\t\t\t\t<div class=\"e-con-inner\">\n\t\t<div class=\"elementor-element elementor-element-423fe83 e-con-full elementor-hidden-tablet elementor-hidden-desktop e-flex e-con e-child\" data-id=\"423fe83\" data-element_type=\"container\">\n\t\t\t\t<div class=\"elementor-element elementor-element-4df774a elementor-hidden-desktop elementor-widget elementor-widget-spacer\" data-id=\"4df774a\" data-element_type=\"widget\" data-widget_type=\"spacer.default\">\n\t\t\t\t\t\t\t<div class=\"elementor-spacer\">\n\t\t\t<div class=\"elementor-spacer-inner\"><\/div>\n\t\t<\/div>\n\t\t\t\t\t\t<\/div>\n\t\t\t\t<\/div>\n\t\t<div class=\"elementor-element elementor-element-15c6b1c e-con-full e-flex e-con e-child\" data-id=\"15c6b1c\" data-element_type=\"container\">\n\t\t\t\t<div class=\"elementor-element elementor-element-efe5c2f elementor-widget elementor-widget-heading\" data-id=\"efe5c2f\" data-element_type=\"widget\" data-widget_type=\"heading.default\">\n\t\t\t\t\t<h1 class=\"elementor-heading-title elementor-size-default\">Sobre a Horizonte Digital<\/h1>\t\t\t\t<\/div>\n\t\t\t\t<div class=\"elementor-element elementor-element-b79a0f0 elementor-widget elementor-widget-heading\" data-id=\"b79a0f0\" data-element_type=\"widget\" data-widget_type=\"heading.default\">\n\t\t\t\t\t<p class=\"elementor-heading-title elementor-size-default\">Vivemos numa era globalizada em que os neg\u00f3cios s\u00e3o cada vez mais ef\u00eameros e onde a internet revolucionou a forma de fazer neg\u00f3cios; juntamente com as redes sociais, ela criou uma dist\u00e2ncia f\u00edsica entre as empresas e os clientes e entre as empresas e seus colaboradores, mas ao mesmo tempo conectou o mundo, permitindo o acesso a todos os tipos de produtos.<\/p>\t\t\t\t<\/div>\n\t\t\t\t<div class=\"elementor-element elementor-element-0f56ed4 elementor-hidden-tablet elementor-hidden-mobile elementor-widget elementor-widget-spacer\" data-id=\"0f56ed4\" data-element_type=\"widget\" data-widget_type=\"spacer.default\">\n\t\t\t\t\t\t\t<div class=\"elementor-spacer\">\n\t\t\t<div class=\"elementor-spacer-inner\"><\/div>\n\t\t<\/div>\n\t\t\t\t\t\t<\/div>\n\t\t\t\t<div class=\"elementor-element elementor-element-108bd3b elementor-view-default elementor-invisible elementor-widget elementor-widget-icon\" data-id=\"108bd3b\" data-element_type=\"widget\" data-settings=\"{&quot;_animation&quot;:&quot;fadeIn&quot;}\" data-widget_type=\"icon.default\">\n\t\t\t\t\t\t\t<div class=\"elementor-icon-wrapper\">\n\t\t\t<a class=\"elementor-icon\" href=\"#scrollDown\">\n\t\t\t<svg aria-hidden=\"true\" class=\"e-font-icon-svg e-fas-arrow-down\" viewbox=\"0 0 448 512\" xmlns=\"http:\/\/www.w3.org\/2000\/svg\"><path d=\"M413.1 222.5l22.2 22.2c9.4 9.4 9.4 24.6 0 33.9L241 473c-9.4 9.4-24.6 9.4-33.9 0L12.7 278.6c-9.4-9.4-9.4-24.6 0-33.9l22.2-22.2c9.5-9.5 25-9.3 34.3.4L184 343.4V56c0-13.3 10.7-24 24-24h32c13.3 0 24 10.7 24 24v287.4l114.8-120.5c9.3-9.8 24.8-10 34.3-.4z\"><\/path><\/svg>\t\t\t<\/a>\n\t\t<\/div>\n\t\t\t\t\t\t<\/div>\n\t\t\t\t<\/div>\n\t\t\t\t\t<\/div>\n\t\t\t\t<\/div>\n\t\t<div class=\"elementor-element elementor-element-614918b e-flex e-con-boxed e-con e-parent\" data-id=\"614918b\" data-element_type=\"container\" id=\"scrollDown\">\n\t\t\t\t\t<div class=\"e-con-inner\">\n\t\t<div class=\"elementor-element elementor-element-100a74e e-con-full e-flex e-con e-child\" data-id=\"100a74e\" data-element_type=\"container\" data-settings=\"{&quot;background_background&quot;:&quot;classic&quot;,&quot;background_motion_fx_motion_fx_scrolling&quot;:&quot;yes&quot;,&quot;background_motion_fx_translateY_effect&quot;:&quot;yes&quot;,&quot;background_motion_fx_translateY_direction&quot;:&quot;negative&quot;,&quot;background_motion_fx_translateY_speed&quot;:{&quot;unit&quot;:&quot;px&quot;,&quot;size&quot;:3,&quot;sizes&quot;:[]},&quot;background_motion_fx_translateY_affectedRange&quot;:{&quot;unit&quot;:&quot;%&quot;,&quot;size&quot;:&quot;&quot;,&quot;sizes&quot;:{&quot;start&quot;:0,&quot;end&quot;:100}},&quot;background_motion_fx_devices&quot;:[&quot;desktop&quot;,&quot;tablet&quot;,&quot;mobile&quot;]}\">\n\t\t\t\t<\/div>\n\t\t<div class=\"elementor-element elementor-element-007a79e e-con-full e-flex e-con e-child\" data-id=\"007a79e\" data-element_type=\"container\">\n\t\t\t\t<div class=\"elementor-element elementor-element-72d9775 elementor-widget elementor-widget-heading\" data-id=\"72d9775\" data-element_type=\"widget\" data-widget_type=\"heading.default\">\n\t\t\t\t\t<h1 class=\"elementor-heading-title elementor-size-default\">Be Mobile<\/h1>\t\t\t\t<\/div>\n\t\t\t\t<div class=\"elementor-element elementor-element-a7aa04a elementor-widget elementor-widget-text-editor\" data-id=\"a7aa04a\" data-element_type=\"widget\" data-widget_type=\"text-editor.default\">\n\t\t\t\t\t\t\t\t\t<p class=\"m-size-16\"><span class=\"m-font-size-16\">O tempo \u00e9 sempre o mesmo, mas os ciclos s\u00e3o mais r\u00e1pidos, porque a informa\u00e7\u00e3o est\u00e1, literalmente, ao alcance das nossas m\u00e3os; na internet, a informa\u00e7\u00e3o n\u00e3o \u00e9 apenas abundante, mas instant\u00e2nea e m\u00f3vel. Os consumidores est\u00e3o muito mais informados e educados; eles s\u00e3o cada vez mais exigentes e podem comparar tudo num piscar de olhos: O MUNDO \u00c9 M\u00d3VEL!<\/span><span class=\"m-font-size-16\">\u00a0<\/span><\/p><p class=\"m-size-16\"><span class=\"m-font-size-16\">Com mais de 25 anos de experi\u00eancia no mercado, empreendendo e gerindo empresas em v\u00e1rios setores e em diferentes pa\u00edses, tornou-se mais f\u00e1cil saber o que as empresas realmente precisam das novas tecnologias para o mundo de hoje.<\/span><\/p><p class=\"m-size-16\"><span class=\"m-font-size-16\">\u00c9 nesse sentido que desenvolvemos ferramentas que ajudam a alcan\u00e7ar o objetivo mais b\u00e1sico de qualquer neg\u00f3cio: tratar bem os seus colaboradores para que sejam eles a cuidar dos clientes e conhecer bem o cliente para atend\u00ea-lo melhor, aumentando a fideliza\u00e7\u00e3o e ampliando as vendas.<\/span><\/p><p class=\"m-size-16\"><span class=\"m-font-size-16\">Foi com esse sentimento que criei a Horizonte Digital.<\/span><\/p><p class=\"m-size-16\"><span class=\"m-font-size-16\">Ideias e objetivos simples, produtos e servi\u00e7os para o mundo de hoje.<\/span><\/p><p>\u00a0<\/p><p><span class=\"m-font-size-16\">Be Mobile!<\/span><br \/><span class=\"m-font-size-16\">Joaquim Le\u00e3o<\/span><\/p>\t\t\t\t\t\t\t\t<\/div>\n\t\t\t\t<div class=\"elementor-element elementor-element-fcb0096 elementor-view-default elementor-widget elementor-widget-icon\" data-id=\"fcb0096\" data-element_type=\"widget\" data-widget_type=\"icon.default\">\n\t\t\t\t\t\t\t<div class=\"elementor-icon-wrapper\">\n\t\t\t<a class=\"elementor-icon\" href=\"https:\/\/www.linkedin.com\/in\/joaquimccleao\/\" target=\"_blank\">\n\t\t\t<svg aria-hidden=\"true\" class=\"e-font-icon-svg e-fab-linkedin\" viewbox=\"0 0 448 512\" xmlns=\"http:\/\/www.w3.org\/2000\/svg\"><path d=\"M416 32H31.9C14.3 32 0 46.5 0 64.3v383.4C0 465.5 14.3 480 31.9 480H416c17.6 0 32-14.5 32-32.3V64.3c0-17.8-14.4-32.3-32-32.3zM135.4 416H69V202.2h66.5V416zm-33.2-243c-21.3 0-38.5-17.3-38.5-38.5S80.9 96 102.2 96c21.2 0 38.5 17.3 38.5 38.5 0 21.3-17.2 38.5-38.5 38.5zm282.1 243h-66.4V312c0-24.8-.5-56.7-34.5-56.7-34.6 0-39.9 27-39.9 54.9V416h-66.4V202.2h63.7v29.2h.9c8.9-16.8 30.6-34.5 62.9-34.5 67.2 0 79.7 44.3 79.7 101.9V416z\"><\/path><\/svg>\t\t\t<\/a>\n\t\t<\/div>\n\t\t\t\t\t\t<\/div>\n\t\t\t\t<\/div>\n\t\t\t\t\t<\/div>\n\t\t\t\t<\/div>\n\t\t<div class=\"elementor-element elementor-element-6908add e-flex e-con-boxed e-con e-parent\" data-id=\"6908add\" data-element_type=\"container\">\n\t\t\t\t\t<div class=\"e-con-inner\">\n\t\t\t\t<div class=\"elementor-element elementor-element-308b20e elementor-widget-divider--view-line elementor-widget elementor-widget-divider\" data-id=\"308b20e\" data-element_type=\"widget\" data-widget_type=\"divider.default\">\n\t\t\t\t\t\t\t<div class=\"elementor-divider\">\n\t\t\t<span class=\"elementor-divider-separator\">\n\t\t\t\t\t\t<\/span>\n\t\t<\/div>\n\t\t\t\t\t\t<\/div>\n\t\t\t\t\t<\/div>\n\t\t\t\t<\/div>\n\t\t<div class=\"elementor-element elementor-element-7fdea9a e-flex e-con-boxed e-con e-parent\" data-id=\"7fdea9a\" data-element_type=\"container\">\n\t\t\t\t\t<div class=\"e-con-inner\">\n\t\t<div class=\"elementor-element elementor-element-439cd05 e-con-full e-flex e-con e-child\" data-id=\"439cd05\" data-element_type=\"container\">\n\t\t\t\t<div class=\"elementor-element elementor-element-d329bae elementor-widget elementor-widget-heading\" data-id=\"d329bae\" data-element_type=\"widget\" data-widget_type=\"heading.default\">\n\t\t\t\t\t<h1 class=\"elementor-heading-title elementor-size-default\">Porqu\u00ea <br \/> Horizonte Digital<\/h1>\t\t\t\t<\/div>\n\t\t\t\t<\/div>\n\t\t<div class=\"elementor-element elementor-element-cef8013 e-con-full e-flex e-con e-child\" data-id=\"cef8013\" data-element_type=\"container\">\n\t\t\t\t<div class=\"elementor-element elementor-element-0a8dc4e elementor-widget elementor-widget-heading\" data-id=\"0a8dc4e\" data-element_type=\"widget\" data-widget_type=\"heading.default\">\n\t\t\t\t\t<h3 class=\"elementor-heading-title elementor-size-default\">Acreditamos que as empresas n\u00e3o precisam ser grandes para poder acessar tecnologia. Todos devem poder gerir facilmente o seu marketing digital.\nTODOS os clientes v\u00eam em primeiro lugar.\n\n\n<\/h3>\t\t\t\t<\/div>\n\t\t\t\t<\/div>\n\t\t\t\t\t<\/div>\n\t\t\t\t<\/div>\n\t\t<div class=\"elementor-element elementor-element-84a2c12 e-flex e-con-boxed e-con e-parent\" data-id=\"84a2c12\" data-element_type=\"container\">\n\t\t\t\t\t<div class=\"e-con-inner\">\n\t\t\t\t<div class=\"elementor-element elementor-element-39db613 elementor-widget-divider--view-line elementor-widget elementor-widget-divider\" data-id=\"39db613\" data-element_type=\"widget\" data-widget_type=\"divider.default\">\n\t\t\t\t\t\t\t<div class=\"elementor-divider\">\n\t\t\t<span class=\"elementor-divider-separator\">\n\t\t\t\t\t\t<\/span>\n\t\t<\/div>\n\t\t\t\t\t\t<\/div>\n\t\t\t\t\t<\/div>\n\t\t\t\t<\/div>\n\t\t<div class=\"elementor-element elementor-element-adac736 e-flex e-con-boxed e-con e-parent\" data-id=\"adac736\" data-element_type=\"container\">\n\t\t\t\t\t<div class=\"e-con-inner\">\n\t\t<div class=\"elementor-element elementor-element-8bd07f3 e-con-full e-flex e-con e-child\" data-id=\"8bd07f3\" data-element_type=\"container\">\n\t\t\t\t<div class=\"elementor-element elementor-element-473e3e5 elementor-widget elementor-widget-heading\" data-id=\"473e3e5\" data-element_type=\"widget\" data-widget_type=\"heading.default\">\n\t\t\t\t\t<h1 class=\"elementor-heading-title elementor-size-default\">Como<\/h1>\t\t\t\t<\/div>\n\t\t\t\t<\/div>\n\t\t<div class=\"elementor-element elementor-element-510e815 e-con-full e-flex e-con e-child\" data-id=\"510e815\" data-element_type=\"container\">\n\t\t\t\t<div class=\"elementor-element elementor-element-6c9315a elementor-widget elementor-widget-text-editor\" data-id=\"6c9315a\" data-element_type=\"widget\" data-widget_type=\"text-editor.default\">\n\t\t\t\t\t\t\t\t\t<ul class=\"defaultList\"><li class=\"text-align-left m-size-16\"><span class=\"m-font-size-16\">Contribuir para o aumento das vendas atrav\u00e9s da fideliza\u00e7\u00e3o de clientes<\/span><\/li><li class=\"text-align-left m-size-16\"><span class=\"m-font-size-16\">Construindo parcerias com empresas de marketing m\u00f3vel, com experi\u00eancia e presen\u00e7a instalada globalmente;<\/span><\/li><li class=\"text-align-left m-size-16\"><span class=\"m-font-size-16\">Tratando tudo do in\u00edcio ao fim, usando solu\u00e7\u00f5es sob medida, porque cada cliente \u00e9 \u00fanico;<\/span><\/li><li class=\"text-align-left m-size-16\"><span class=\"m-font-size-16\">Mobilizando seu neg\u00f3cio de forma simples e sem complica\u00e7\u00f5es;<\/span><\/li><\/ul>\t\t\t\t\t\t\t\t<\/div>\n\t\t\t\t<\/div>\n\t\t\t\t\t<\/div>\n\t\t\t\t<\/div>\n\t\t<div class=\"elementor-element elementor-element-efd0ebb e-flex e-con-boxed e-con e-parent\" data-id=\"efd0ebb\" data-element_type=\"container\">\n\t\t\t\t\t<div class=\"e-con-inner\">\n\t\t\t\t<div class=\"elementor-element elementor-element-ae9426b elementor-widget-divider--view-line elementor-widget elementor-widget-divider\" data-id=\"ae9426b\" data-element_type=\"widget\" data-widget_type=\"divider.default\">\n\t\t\t\t\t\t\t<div class=\"elementor-divider\">\n\t\t\t<span class=\"elementor-divider-separator\">\n\t\t\t\t\t\t<\/span>\n\t\t<\/div>\n\t\t\t\t\t\t<\/div>\n\t\t\t\t\t<\/div>\n\t\t\t\t<\/div>\n\t\t<div class=\"elementor-element elementor-element-cf1ffa9 e-flex e-con-boxed e-con e-parent\" data-id=\"cf1ffa9\" data-element_type=\"container\">\n\t\t\t\t\t<div class=\"e-con-inner\">\n\t\t<div class=\"elementor-element elementor-element-fc3eea9 e-con-full e-flex e-con e-child\" data-id=\"fc3eea9\" data-element_type=\"container\">\n\t\t\t\t<div class=\"elementor-element elementor-element-e06d277 elementor-widget elementor-widget-heading\" data-id=\"e06d277\" data-element_type=\"widget\" data-widget_type=\"heading.default\">\n\t\t\t\t\t<h1 class=\"elementor-heading-title elementor-size-default\">O qu\u00ea<\/h1>\t\t\t\t<\/div>\n\t\t\t\t<\/div>\n\t\t<div class=\"elementor-element elementor-element-4b6ced6 e-con-full e-flex e-con e-child\" data-id=\"4b6ced6\" data-element_type=\"container\">\n\t\t\t\t<div class=\"elementor-element elementor-element-309bbba elementor-widget elementor-widget-text-editor\" data-id=\"309bbba\" data-element_type=\"widget\" data-widget_type=\"text-editor.default\">\n\t\t\t\t\t\t\t\t\t<div id=\"1997971994\" class=\"dmRespRow u_1997971994\"><div id=\"1265417540\" class=\"dmRespColsWrapper\"><div id=\"1003093192\" class=\"dmRespCol large-6 medium-6 small-12\"><div id=\"1152291428\" class=\"dmNewParagraph u_1152291428\" data-element-type=\"paragraph\" data-version=\"5\"><ul class=\"defaultList\"><li class=\"text-align-left m-size-16\"><span class=\"m-font-size-16\">Aplicativos extremamente acess\u00edveis, r\u00e1pidos e f\u00e1ceis de usar;<\/span><\/li><li class=\"text-align-left m-size-16\"><span class=\"m-font-size-16\">Ultra-fast, responsive\u00a0<\/span><a class=\"m-font-size-16\" href=\"https:\/\/horizontedigital.pt\/pt\/websites\/\" type=\"page\">WEBSITES<\/a><span class=\"m-font-size-16\">, with improved\u00a0<\/span><a class=\"m-font-size-16\" href=\"https:\/\/horizontedigital.pt\/pt\/seo\/\" type=\"page\">SEO<\/a><span class=\"m-font-size-16\">, increasing traffic and involvement;<\/span><\/li><li class=\"m-size-16 text-align-left\"><a class=\"m-font-size-16\" href=\"https:\/\/horizontedigital.pt\/pt\/\" type=\"page\">Digital Marketing<\/a><span class=\"m-font-size-16\">\u00a0Estrat\u00e9gias acess\u00edveis a todos;<\/span><\/li><\/ul><\/div><\/div><\/div><\/div><div id=\"1970976966\" class=\"dmRespRow u_1970976966\"><div id=\"1751010367\" class=\"dmRespColsWrapper\"><div id=\"1603658001\" class=\"dmRespCol large-6 medium-6 small-12\"><div id=\"1182257087\" class=\"u_1182257087 dmNewParagraph\" data-element-type=\"paragraph\" data-version=\"5\" data-styletopreserve=\"{\"><p class=\"m-size-19 size-24\">\u00a0<\/p><\/div><\/div><\/div><\/div>\t\t\t\t\t\t\t\t<\/div>\n\t\t\t\t<\/div>\n\t\t\t\t\t<\/div>\n\t\t\t\t<\/div>\n\t\t<div class=\"elementor-element elementor-element-25f0234 e-flex e-con-boxed e-con e-parent\" data-id=\"25f0234\" data-element_type=\"container\">\n\t\t\t\t\t<div class=\"e-con-inner\">\n\t\t\t\t<div class=\"elementor-element elementor-element-aa95472 elementor-widget-divider--view-line elementor-widget elementor-widget-divider\" data-id=\"aa95472\" data-element_type=\"widget\" data-widget_type=\"divider.default\">\n\t\t\t\t\t\t\t<div class=\"elementor-divider\">\n\t\t\t<span class=\"elementor-divider-separator\">\n\t\t\t\t\t\t<\/span>\n\t\t<\/div>\n\t\t\t\t\t\t<\/div>\n\t\t\t\t\t<\/div>\n\t\t\t\t<\/div>\n\t\t<div class=\"elementor-element elementor-element-cbb28e1 e-flex e-con-boxed e-con e-parent\" data-id=\"cbb28e1\" data-element_type=\"container\">\n\t\t\t\t\t<div class=\"e-con-inner\">\n\t\t<div class=\"elementor-element elementor-element-4a1e5d4 e-con-full e-flex e-con e-child\" data-id=\"4a1e5d4\" data-element_type=\"container\">\n\t\t\t\t<div class=\"elementor-element elementor-element-6083957 elementor-widget elementor-widget-heading\" data-id=\"6083957\" data-element_type=\"widget\" data-widget_type=\"heading.default\">\n\t\t\t\t\t<h2 class=\"elementor-heading-title elementor-size-default\">Acreditamos que, em um mundo que te transforma em um n\u00famero, somos capazes de usar a tecnologia para oferecer a voc\u00ea um servi\u00e7o personalizado incompar\u00e1vel.<\/h2>\t\t\t\t<\/div>\n\t\t\t\t<\/div>\n\t\t<div class=\"elementor-element elementor-element-89ec29f e-con-full e-flex e-con e-child\" data-id=\"89ec29f\" data-element_type=\"container\" data-settings=\"{&quot;background_background&quot;:&quot;classic&quot;}\">\n\t\t\t\t<\/div>\n\t\t\t\t\t<\/div>\n\t\t\t\t<\/div>\n\t\t\t\t<\/div>","protected":false},"excerpt":{"rendered":"<p>About Horizonte digital We live in a globalized era in which business is increasingly ephemeral and where the internet has revolutionized the way business is done; together with social networks, they created a physical distance between companies and customers and between companies and their employees, but at the same time, the world was connected allowing [&hellip;]<\/p>","protected":false},"author":2,"featured_media":0,"parent":0,"menu_order":0,"comment_status":"closed","ping_status":"closed","template":"","meta":{"footnotes":""},"class_list":["post-53","page","type-page","status-publish","hentry"],"_links":{"self":[{"href":"https:\/\/horizontedigital.pt\/pt\/wp-json\/wp\/v2\/pages\/53","targetHints":{"allow":["GET"]}}],"collection":[{"href":"https:\/\/horizontedigital.pt\/pt\/wp-json\/wp\/v2\/pages"}],"about":[{"href":"https:\/\/horizontedigital.pt\/pt\/wp-json\/wp\/v2\/types\/page"}],"author":[{"embeddable":true,"href":"https:\/\/horizontedigital.pt\/pt\/wp-json\/wp\/v2\/users\/2"}],"replies":[{"embeddable":true,"href":"https:\/\/horizontedigital.pt\/pt\/wp-json\/wp\/v2\/comments?post=53"}],"version-history":[{"count":58,"href":"https:\/\/horizontedigital.pt\/pt\/wp-json\/wp\/v2\/pages\/53\/revisions"}],"predecessor-version":[{"id":685,"href":"https:\/\/horizontedigital.pt\/pt\/wp-json\/wp\/v2\/pages\/53\/revisions\/685"}],"wp:attachment":[{"href":"https:\/\/horizontedigital.pt\/pt\/wp-json\/wp\/v2\/media?parent=53"}],"curies":[{"name":"wp","href":"https:\/\/api.w.org\/{rel}","templated":true}]}}